{"id":4376,"date":"2026-02-12T13:41:02","date_gmt":"2026-02-12T13:41:02","guid":{"rendered":"https:\/\/job.rocks\/planification-des-interventions-app-gestion-des-pools-de-collaborateurs-efficace-english\/"},"modified":"2026-02-12T13:41:02","modified_gmt":"2026-02-12T13:41:02","slug":"planification-des-interventions-app-gestion-des-pools-de-collaborateurs-efficace-english","status":"publish","type":"page","link":"https:\/\/job.rocks\/planification-des-interventions-app-gestion-des-pools-de-collaborateurs-efficace-english\/","title":{"rendered":"Einsatzplanung App &#8211; G\u00e9rez les pools d&#8217;employ\u00e9s de mani\u00e8re efficace &#8211; English"},"content":{"rendered":"","protected":false},"excerpt":{"rendered":"","protected":false},"author":5,"featured_media":0,"parent":0,"menu_order":0,"comment_status":"closed","ping_status":"closed","template":"","meta":{"footnotes":""},"class_list":["post-4376","page","type-page","status-publish","hentry","post-wrapper","thrv_wrapper"],"_links":{"self":[{"href":"https:\/\/job.rocks\/wp-json\/wp\/v2\/pages\/4376","targetHints":{"allow":["GET"]}}],"collection":[{"href":"https:\/\/job.rocks\/wp-json\/wp\/v2\/pages"}],"about":[{"href":"https:\/\/job.rocks\/wp-json\/wp\/v2\/types\/page"}],"author":[{"embeddable":true,"href":"https:\/\/job.rocks\/wp-json\/wp\/v2\/users\/5"}],"replies":[{"embeddable":true,"href":"https:\/\/job.rocks\/wp-json\/wp\/v2\/comments?post=4376"}],"version-history":[{"count":0,"href":"https:\/\/job.rocks\/wp-json\/wp\/v2\/pages\/4376\/revisions"}],"wp:attachment":[{"href":"https:\/\/job.rocks\/wp-json\/wp\/v2\/media?parent=4376"}],"curies":[{"name":"wp","href":"https:\/\/api.w.org\/{rel}","templated":true}]}}