{"id":4372,"date":"2026-02-12T13:40:44","date_gmt":"2026-02-12T13:40:44","guid":{"rendered":"https:\/\/job.rocks\/homepage-v3-3\/"},"modified":"2026-02-12T13:40:47","modified_gmt":"2026-02-12T13:40:47","slug":"homepage-v3-3","status":"publish","type":"page","link":"https:\/\/job.rocks\/homepage-v3-3\/","title":{"rendered":"App di pianificazione delle operazioni &#8211; Gestisci i pool di dipendenti in modo efficiente"},"content":{"rendered":"<h1 style=\"color: var(--tcb-color-2) !important\"><span>La pianificazione all-in-one<\/span><span>per il tuo team flessibile.<\/span><\/h1>\n<p style=\"color: var(--tcb-color-2) !important\"><span style=\"font-family: Nunito, sans-serif;font-weight: 400\"><span>Addio al caos di Excel. Ciao chiarezza.<\/span><\/span><\/p>\n<p style=\"color: var(--tcb-color-2) !important\"><span style=\"font-family: Nunito, sans-serif;font-weight: 400\"><span>Risparmia innumerevoli ore su:<\/span><\/span><\/p>\n<ul>\n<li><span>Gestione delle disponibilit\u00e0 e pianificazione dei turni<\/span><\/li>\n<li><span>Notifiche per i dipendenti<\/span><\/li>\n<li><span>Registrazione del tempo<\/span><\/li>\n<li><span>Preparazione delle buste paga<\/span><\/li>\n<\/ul>\n<p><span><img decoding=\"async\" data-id=\"3227\" width=\"505\" data-init-width=\"1000\" height=\"505\" data-init-height=\"1000\" src=\"https:\/\/job.rocks\/wp-content\/uploads\/2025\/09\/planung-zeitarbeit-schichten.jpg\" data-width=\"505\" data-height=\"505\" style=\"aspect-ratio: auto 1000 \/ 1000\" loading=\"lazy\"><\/span><\/p>\n<h2 style=\"text-align: center\">I nostri clienti hanno eventi con<strong>job.rocks<\/strong>per:<\/h2>\n<p><span><img decoding=\"async\" alt=\"\" data-id=\"2646\" width=\"600\" height=\"600\" src=\"https:\/\/job.rocks\/wp-content\/uploads\/2025\/07\/6-300x300.jpg\" data-src=\"https:\/\/job.rocks\/wp-content\/uploads\/2025\/07\/6-300x300.jpg\" data-sizes='{\"thumbnail\":{\"height\":150,\"width\":150,\"url\":\"https:\/\/job.rocks\/wp-content\/uploads\/2025\/07\/6-150x150.jpg\",\"orientation\":\"landscape\"},\"medium\":{\"height\":300,\"width\":300,\"url\":\"https:\/\/job.rocks\/wp-content\/uploads\/2025\/07\/6-300x300.jpg\",\"orientation\":\"landscape\"},\"full\":{\"url\":\"https:\/\/job.rocks\/wp-content\/uploads\/2025\/07\/6.jpg\",\"height\":600,\"width\":600,\"orientation\":\"landscape\"}}' loading=\"lazy\"><\/span><span><img decoding=\"async\" alt=\"\" data-id=\"2645\" width=\"600\" height=\"600\" src=\"https:\/\/job.rocks\/wp-content\/uploads\/2025\/07\/5-300x300.jpg\" data-src=\"https:\/\/job.rocks\/wp-content\/uploads\/2025\/07\/5-300x300.jpg\" data-sizes='{\"thumbnail\":{\"height\":150,\"width\":150,\"url\":\"https:\/\/job.rocks\/wp-content\/uploads\/2025\/07\/5-150x150.jpg\",\"orientation\":\"landscape\"},\"medium\":{\"height\":300,\"width\":300,\"url\":\"https:\/\/job.rocks\/wp-content\/uploads\/2025\/07\/5-300x300.jpg\",\"orientation\":\"landscape\"},\"full\":{\"url\":\"https:\/\/job.rocks\/wp-content\/uploads\/2025\/07\/5.jpg\",\"height\":600,\"width\":600,\"orientation\":\"landscape\"}}' loading=\"lazy\"><\/span><span><img decoding=\"async\" alt=\"\" data-id=\"2644\" width=\"600\" height=\"600\" src=\"https:\/\/job.rocks\/wp-content\/uploads\/2025\/07\/4-300x300.jpg\" data-src=\"https:\/\/job.rocks\/wp-content\/uploads\/2025\/07\/4-300x300.jpg\" data-sizes='{\"thumbnail\":{\"height\":150,\"width\":150,\"url\":\"https:\/\/job.rocks\/wp-content\/uploads\/2025\/07\/4-150x150.jpg\",\"orientation\":\"landscape\"},\"medium\":{\"height\":300,\"width\":300,\"url\":\"https:\/\/job.rocks\/wp-content\/uploads\/2025\/07\/4-300x300.jpg\",\"orientation\":\"landscape\"},\"full\":{\"url\":\"https:\/\/job.rocks\/wp-content\/uploads\/2025\/07\/4.jpg\",\"height\":600,\"width\":600,\"orientation\":\"landscape\"}}' loading=\"lazy\"><\/span><span><img decoding=\"async\" alt=\"\" data-id=\"2643\" width=\"600\" height=\"600\" src=\"https:\/\/job.rocks\/wp-content\/uploads\/2025\/07\/3-300x300.jpg\" data-src=\"https:\/\/job.rocks\/wp-content\/uploads\/2025\/07\/3-300x300.jpg\" data-sizes='{\"thumbnail\":{\"height\":150,\"width\":150,\"url\":\"https:\/\/job.rocks\/wp-content\/uploads\/2025\/07\/3-150x150.jpg\",\"orientation\":\"landscape\"},\"medium\":{\"height\":300,\"width\":300,\"url\":\"https:\/\/job.rocks\/wp-content\/uploads\/2025\/07\/3-300x300.jpg\",\"orientation\":\"landscape\"},\"full\":{\"url\":\"https:\/\/job.rocks\/wp-content\/uploads\/2025\/07\/3.jpg\",\"height\":600,\"width\":600,\"orientation\":\"landscape\"}}' loading=\"lazy\"><\/span><span><img decoding=\"async\" alt=\"\" data-id=\"2642\" width=\"600\" height=\"600\" src=\"https:\/\/job.rocks\/wp-content\/uploads\/2025\/07\/2-300x300.jpg\" data-src=\"https:\/\/job.rocks\/wp-content\/uploads\/2025\/07\/2-300x300.jpg\" data-sizes='{\"thumbnail\":{\"height\":150,\"width\":150,\"url\":\"https:\/\/job.rocks\/wp-content\/uploads\/2025\/07\/2-150x150.jpg\",\"orientation\":\"landscape\"},\"medium\":{\"height\":300,\"width\":300,\"url\":\"https:\/\/job.rocks\/wp-content\/uploads\/2025\/07\/2-300x300.jpg\",\"orientation\":\"landscape\"},\"full\":{\"url\":\"https:\/\/job.rocks\/wp-content\/uploads\/2025\/07\/2.jpg\",\"height\":600,\"width\":600,\"orientation\":\"landscape\"}}' loading=\"lazy\"><\/span><span><img decoding=\"async\" alt=\"\" data-id=\"2641\" width=\"600\" height=\"600\" src=\"https:\/\/job.rocks\/wp-content\/uploads\/2025\/07\/1-300x300.jpg\" data-src=\"https:\/\/job.rocks\/wp-content\/uploads\/2025\/07\/1-300x300.jpg\" data-sizes='{\"thumbnail\":{\"height\":150,\"width\":150,\"url\":\"https:\/\/job.rocks\/wp-content\/uploads\/2025\/07\/1-150x150.jpg\",\"orientation\":\"landscape\"},\"medium\":{\"height\":300,\"width\":300,\"url\":\"https:\/\/job.rocks\/wp-content\/uploads\/2025\/07\/1-300x300.jpg\",\"orientation\":\"landscape\"},\"full\":{\"url\":\"https:\/\/job.rocks\/wp-content\/uploads\/2025\/07\/1.jpg\",\"height\":600,\"width\":600,\"orientation\":\"landscape\"}}' loading=\"lazy\"><\/span><span><img decoding=\"async\" alt=\"\" data-id=\"2646\" width=\"600\" height=\"600\" src=\"https:\/\/job.rocks\/wp-content\/uploads\/2025\/07\/6-300x300.jpg\" data-src=\"https:\/\/job.rocks\/wp-content\/uploads\/2025\/07\/6-300x300.jpg\" data-sizes='{\"thumbnail\":{\"height\":150,\"width\":150,\"url\":\"https:\/\/job.rocks\/wp-content\/uploads\/2025\/07\/6-150x150.jpg\",\"orientation\":\"landscape\"},\"medium\":{\"height\":300,\"width\":300,\"url\":\"https:\/\/job.rocks\/wp-content\/uploads\/2025\/07\/6-300x300.jpg\",\"orientation\":\"landscape\"},\"full\":{\"url\":\"https:\/\/job.rocks\/wp-content\/uploads\/2025\/07\/6.jpg\",\"height\":600,\"width\":600,\"orientation\":\"landscape\"}}' loading=\"lazy\"><\/span><span><img decoding=\"async\" alt=\"\" data-id=\"2645\" width=\"600\" height=\"600\" src=\"https:\/\/job.rocks\/wp-content\/uploads\/2025\/07\/5-300x300.jpg\" data-src=\"https:\/\/job.rocks\/wp-content\/uploads\/2025\/07\/5-300x300.jpg\" data-sizes='{\"thumbnail\":{\"height\":150,\"width\":150,\"url\":\"https:\/\/job.rocks\/wp-content\/uploads\/2025\/07\/5-150x150.jpg\",\"orientation\":\"landscape\"},\"medium\":{\"height\":300,\"width\":300,\"url\":\"https:\/\/job.rocks\/wp-content\/uploads\/2025\/07\/5-300x300.jpg\",\"orientation\":\"landscape\"},\"full\":{\"url\":\"https:\/\/job.rocks\/wp-content\/uploads\/2025\/07\/5.jpg\",\"height\":600,\"width\":600,\"orientation\":\"landscape\"}}' loading=\"lazy\"><\/span><span><img decoding=\"async\" alt=\"\" data-id=\"2644\" width=\"600\" height=\"600\" src=\"https:\/\/job.rocks\/wp-content\/uploads\/2025\/07\/4-300x300.jpg\" data-src=\"https:\/\/job.rocks\/wp-content\/uploads\/2025\/07\/4-300x300.jpg\" data-sizes='{\"thumbnail\":{\"height\":150,\"width\":150,\"url\":\"https:\/\/job.rocks\/wp-content\/uploads\/2025\/07\/4-150x150.jpg\",\"orientation\":\"landscape\"},\"medium\":{\"height\":300,\"width\":300,\"url\":\"https:\/\/job.rocks\/wp-content\/uploads\/2025\/07\/4-300x300.jpg\",\"orientation\":\"landscape\"},\"full\":{\"url\":\"https:\/\/job.rocks\/wp-content\/uploads\/2025\/07\/4.jpg\",\"height\":600,\"width\":600,\"orientation\":\"landscape\"}}' loading=\"lazy\"><\/span><span><img decoding=\"async\" alt=\"\" data-id=\"2643\" width=\"600\" height=\"600\" src=\"https:\/\/job.rocks\/wp-content\/uploads\/2025\/07\/3-300x300.jpg\" data-src=\"https:\/\/job.rocks\/wp-content\/uploads\/2025\/07\/3-300x300.jpg\" data-sizes='{\"thumbnail\":{\"height\":150,\"width\":150,\"url\":\"https:\/\/job.rocks\/wp-content\/uploads\/2025\/07\/3-150x150.jpg\",\"orientation\":\"landscape\"},\"medium\":{\"height\":300,\"width\":300,\"url\":\"https:\/\/job.rocks\/wp-content\/uploads\/2025\/07\/3-300x300.jpg\",\"orientation\":\"landscape\"},\"full\":{\"url\":\"https:\/\/job.rocks\/wp-content\/uploads\/2025\/07\/3.jpg\",\"height\":600,\"width\":600,\"orientation\":\"landscape\"}}' loading=\"lazy\"><\/span><span><img decoding=\"async\" alt=\"\" data-id=\"2642\" width=\"600\" height=\"600\" src=\"https:\/\/job.rocks\/wp-content\/uploads\/2025\/07\/2-300x300.jpg\" data-src=\"https:\/\/job.rocks\/wp-content\/uploads\/2025\/07\/2-300x300.jpg\" data-sizes='{\"thumbnail\":{\"height\":150,\"width\":150,\"url\":\"https:\/\/job.rocks\/wp-content\/uploads\/2025\/07\/2-150x150.jpg\",\"orientation\":\"landscape\"},\"medium\":{\"height\":300,\"width\":300,\"url\":\"https:\/\/job.rocks\/wp-content\/uploads\/2025\/07\/2-300x300.jpg\",\"orientation\":\"landscape\"},\"full\":{\"url\":\"https:\/\/job.rocks\/wp-content\/uploads\/2025\/07\/2.jpg\",\"height\":600,\"width\":600,\"orientation\":\"landscape\"}}' loading=\"lazy\"><\/span><span><img decoding=\"async\" alt=\"\" data-id=\"2641\" width=\"600\" height=\"600\" src=\"https:\/\/job.rocks\/wp-content\/uploads\/2025\/07\/1-300x300.jpg\" data-src=\"https:\/\/job.rocks\/wp-content\/uploads\/2025\/07\/1-300x300.jpg\" data-sizes='{\"thumbnail\":{\"height\":150,\"width\":150,\"url\":\"https:\/\/job.rocks\/wp-content\/uploads\/2025\/07\/1-150x150.jpg\",\"orientation\":\"landscape\"},\"medium\":{\"height\":300,\"width\":300,\"url\":\"https:\/\/job.rocks\/wp-content\/uploads\/2025\/07\/1-300x300.jpg\",\"orientation\":\"landscape\"},\"full\":{\"url\":\"https:\/\/job.rocks\/wp-content\/uploads\/2025\/07\/1.jpg\",\"height\":600,\"width\":600,\"orientation\":\"landscape\"}}' loading=\"lazy\"><\/span><!-- FEATURES SECTION \u2013 Allgemein (Bild links, Features rechts) -->            <\/p>\n<h2>Tutto ci\u00f2 di cui hai bisogno, in un&#8217;app.<\/h2>\n<p>Dalla richiesta di disponibilit\u00e0 alla busta paga \u2013 job.rocks digitalizza tutto il tuo staffing di personale a ore e ti fa risparmiare ogni settimana innumerevoli ore.<\/p>\n<p>                    <!-- Links: App-Screenshot -->                                                <img decoding=\"async\" src=\"https:\/\/job.rocks\/wp-content\/uploads\/2024\/06\/Rectangle-125.svg\" loading=\"lazy\">                                        <!-- Rechts: Feature-Liste -->1<\/p>\n<h3>Pool di dipendenti<\/h3>\n<p>Richiedi disponibilit\u00e0 e occupa facilmente le posizioni. Filtra per qualifica, invia turni e prenota dipendenti disponibili con pochi clic.<\/p>\n<p>2<\/p>\n<h3>Occupazione rapida delle posizioni<\/h3>\n<p>Notifiche automatizzate tramite push, email e SMS. I tuoi dipendenti ricevono immediatamente tutti i dettagli del turno e possono confermare direttamente.<\/p>\n<p>3<\/p>\n<h3>Validazione delle ore<\/h3>\n<p>Tutti i tempi sotto controllo. Accetta, modifica o rifiuta le ore registrate e mantieni il pieno controllo sulla registrazione del tempo.<\/p>\n<p>4<\/p>\n<h3>Busta paga con integrazione Payroll<\/h3>\n<p>Esporta le ore validate direttamente nel tuo software per la busta paga. Flusso di lavoro senza soluzione di continuit\u00e0 dalla registrazione del tempo alla busta paga finale.<\/p>\n<p>                                                                            <a href=\"https:\/\/job.rocks\/it\/kostenlos-testen\">Scopri tutte le funzionalit\u00e0<\/a>            <\/p>\n<h2 style=\"text-align: center\"><strong>job.rocks \u00e8 la soluzione ideale per i seguenti settori<\/strong><\/h2>\n<p><span><img decoding=\"async\" data-id=\"3281\" width=\"146\" height=\"146\" src=\"https:\/\/job.rocks\/wp-content\/uploads\/2025\/09\/Gemini_Generated_Image_ckruf2ckruf2ckru.jpeg\" style=\"aspect-ratio: auto 1024 \/ 1024\" data-width=\"146\" data-height=\"146\" data-init-width=\"1024\" data-init-height=\"1024\" loading=\"lazy\"><\/span><\/p>\n<h3 style=\"text-align: center;color: var(--tcb-color-2) !important\">Fornitori di eventi e agenzie<\/h3>\n<p style=\"text-align: center;color: var(--tcb-color-2) !important\">Rendi la tua pianificazione del personale estremamente efficiente con l&#8217;ottimizzazione dei percorsi e la gestione dei freelancer.<\/p>\n<p><span><img decoding=\"async\" data-id=\"3276\" width=\"146\" height=\"146\" src=\"https:\/\/job.rocks\/wp-content\/uploads\/2025\/09\/schichtplaner-tool-online-1.jpg\" style=\"aspect-ratio: auto 1000 \/ 1000\" data-width=\"146\" data-height=\"146\" data-init-width=\"1000\" data-init-height=\"1000\" loading=\"lazy\"><\/span><\/p>\n<h3 style=\"text-align: center;color: var(--tcb-color-2) !important\">Agenzie di reclutamento e fornitori di personale<\/h3>\n<p style=\"text-align: center;color: var(--tcb-color-2) !important\">Rispondi rapidamente ed efficientemente alle richieste dei clienti. Inclusa la programmazione dei dipendenti e la gestione delle assenze.<\/p>\n<p><span><img decoding=\"async\" data-id=\"3283\" width=\"146\" height=\"146\" src=\"https:\/\/job.rocks\/wp-content\/uploads\/2025\/09\/Gemini_Generated_Image_hnh8uchnh8uchnh8.jpeg\" style=\"aspect-ratio: auto 1024 \/ 1024\" data-width=\"146\" data-height=\"146\" data-init-width=\"1024\" data-init-height=\"1024\" loading=\"lazy\"><\/span><\/p>\n<h3 style=\"text-align: center;color: var(--tcb-color-2) !important\">Hotel e ospitalit\u00e0<\/h3>\n<p dir=\"auto\" style=\"text-align: center\">Gestisci le esigenze del personale. Con gestione delle ferie e conformit\u00e0 alla legge sull&#8217;orario di lavoro.<\/p>\n<p><span><img decoding=\"async\" data-id=\"3285\" width=\"146\" height=\"146\" src=\"https:\/\/job.rocks\/wp-content\/uploads\/2025\/09\/Gemini_Generated_Image_jqh0ujjqh0ujjqh0.jpeg\" style=\"aspect-ratio: auto 1024 \/ 1024\" data-width=\"146\" data-height=\"146\" data-init-width=\"1024\" data-init-height=\"1024\" loading=\"lazy\"><\/span><\/p>\n<h3 style=\"text-align: center;color: var(--tcb-color-2) !important\">Fornitori di servizi sanitari<\/h3>\n<p dir=\"auto\" style=\"text-align: center\">Crea pi\u00f9 tempo per una cura di alta qualit\u00e0 grazie alla pianificazione del personale supportata da IA e alla conformit\u00e0 al GDPR.<\/p>\n<p><span><img decoding=\"async\" data-id=\"3284\" width=\"146\" height=\"146\" src=\"https:\/\/job.rocks\/wp-content\/uploads\/2025\/09\/Gemini_Generated_Image_i03cqki03cqki03c.jpeg\" style=\"aspect-ratio: auto 1024 \/ 1024\" data-width=\"146\" data-height=\"146\" data-init-width=\"1024\" data-init-height=\"1024\" loading=\"lazy\"><\/span><\/p>\n<h3 style=\"text-align: center;color: var(--tcb-color-2) !important\">Utilizzo del personale per servizi di sicurezza<\/h3>\n<p dir=\"auto\" style=\"text-align: center\">Organizza i tuoi turni di personale e garantisci prestazioni di sicurezza impressionanti.<\/p>\n<p><span><img decoding=\"async\" data-id=\"3282\" width=\"146\" height=\"146\" src=\"https:\/\/job.rocks\/wp-content\/uploads\/2025\/09\/Gemini_Generated_Image_fpcsftfpcsftfpcs.jpeg\" style=\"aspect-ratio: auto 1024 \/ 1024\" data-width=\"146\" data-height=\"146\" data-init-width=\"1024\" data-init-height=\"1024\" loading=\"lazy\"><\/span><\/p>\n<h3 style=\"text-align: center;color: var(--tcb-color-2) !important\">Logistica e<\/h3>\n<h3 style=\"text-align: center;color: var(--tcb-color-2) !important\">magazzini<\/h3>\n<p dir=\"auto\" style=\"text-align: center\">Soddisfa tutti gli ordini grazie alla pianificazione automatica del personale e rimani nel budget.<\/p>\n<p><span><img decoding=\"async\" data-id=\"3290\" width=\"146\" height=\"146\" src=\"https:\/\/job.rocks\/wp-content\/uploads\/2025\/09\/Gemini_Generated_Image_yag7r5yag7r5yag7.jpeg\" style=\"aspect-ratio: auto 2048 \/ 2048\" data-width=\"146\" data-height=\"146\" data-init-width=\"2048\" data-init-height=\"2048\" loading=\"lazy\"><\/span><\/p>\n<h3 style=\"text-align: center;color: var(--tcb-color-2) !important\">Fornitori di servizi di pulizia<\/h3>\n<h3 style=\"text-align: center;color: var(--tcb-color-2) !important\">Gestisci la pianificazione dei turni per i fornitori di servizi di pulizia con il software job.rocks.<\/h3>\n<p dir=\"auto\" style=\"text-align: center\">Catering e<\/p>\n<p><span><img decoding=\"async\" data-id=\"3279\" width=\"146\" height=\"146\" src=\"https:\/\/job.rocks\/wp-content\/uploads\/2025\/09\/Gemini_Generated_Image_6v23016v23016v23.png\" style=\"aspect-ratio: auto 2048 \/ 2048\" data-width=\"146\" data-height=\"146\" data-init-width=\"2048\" data-init-height=\"2048\" loading=\"lazy\"><\/span><\/p>\n<h3 style=\"text-align: center\">ristorazione<\/h3>\n<h3 style=\"text-align: center\">Con questo strumento di pianificazione dei turni e software Flexwork gestisci gli eventi di catering in modo sicuro ed efficiente.<\/h3>\n<p dir=\"auto\" style=\"text-align: center\">App per la pianificazione dei turni:<\/p>\n<h2 style=\"text-align: center\"><strong>App mobile per i dipendenti della Gig Economy<\/strong><\/h2>\n<h2 style=\"text-align: center\"><strong>Controlla nuove posizioni, recupera i dettagli dei turni e registra il tempo in movimento.<\/strong><\/h2>\n<p dir=\"auto\">Self-service per i dipendenti: accesso semplice ai programmi di lavoro e alle offerte di lavoro.<\/p>\n<ul>\n<li><!--! Font Awesome Free 6.7.1 by @fontawesome - https:\/\/fontawesome.com License - https:\/\/fontawesome.com\/license\/free (Icons: CC BY 4.0, Fonts: SIL OFL 1.1, Code: MIT License) Copyright 2024 Fonticons, Inc. --><span>Promemoria e notifiche per i turni imminenti.<\/span><\/li>\n<li><!--! Font Awesome Free 6.7.1 by @fontawesome - https:\/\/fontawesome.com License - https:\/\/fontawesome.com\/license\/free (Icons: CC BY 4.0, Fonts: SIL OFL 1.1, Code: MIT License) Copyright 2024 Fonticons, Inc. --><span>Aggiorna la disponibilit\u00e0 e conferma i turni o lo scambio di turni in movimento.<\/span><\/li>\n<li><!--! Font Awesome Free 6.7.1 by @fontawesome - https:\/\/fontawesome.com License - https:\/\/fontawesome.com\/license\/free (Icons: CC BY 4.0, Fonts: SIL OFL 1.1, Code: MIT License) Copyright 2024 Fonticons, Inc. --><span>Registrazione del tempo: timbra in entrata e in uscita direttamente nell&#8217;app.<\/span><\/li>\n<li><!--! Font Awesome Free 6.7.1 by @fontawesome - https:\/\/fontawesome.com License - https:\/\/fontawesome.com\/license\/free (Icons: CC BY 4.0, Fonts: SIL OFL 1.1, Code: MIT License) Copyright 2024 Fonticons, Inc. --><span>Invita i dipendenti ai lavori tramite app<\/span><\/li>\n<\/ul>\n<p><span><img decoding=\"async\" data-id=\"3233\" width=\"523\" data-init-width=\"1000\" height=\"523\" data-init-height=\"1000\" src=\"https:\/\/job.rocks\/wp-content\/uploads\/2025\/09\/schichtplaner-online.jpg\" data-width=\"523\" data-height=\"523\" style=\"aspect-ratio: auto 1000 \/ 1000\" loading=\"lazy\"><\/span><\/p>\n<h3 style=\"text-align: center\">Utilizzo del personale +<\/h3>\n<p><span><img decoding=\"async\" alt=\"\" width=\"329\" data-init-width=\"358\" height=\"567\" data-init-height=\"617\" src=\"https:\/\/job.rocks\/wp-content\/uploads\/2024\/06\/Frame-208-1.png\" data-width=\"329\" data-height=\"567\" style=\"aspect-ratio: auto 358 \/ 617\" data-id=\"1097\" loading=\"lazy\"><\/span><\/p>\n<h3 style=\"text-align: center\">I dipendenti confermano disponibilit\u00e0 e incarico<\/h3>\n<p><span><img decoding=\"async\" alt=\"\" width=\"339\" data-init-width=\"358\" height=\"584\" data-init-height=\"617\" src=\"https:\/\/job.rocks\/wp-content\/uploads\/2024\/03\/home-presetation-slider-img3.png\" data-width=\"339\" data-height=\"584\" style=\"aspect-ratio: auto 358 \/ 617\" data-id=\"663\" loading=\"lazy\"><\/span><\/p>\n<h3 style=\"text-align: center\">Registrazione del tempo<\/h3>\n<h3 style=\"text-align: center\">La nostra missione: supportare la transizione verso la Gig Economy e il Flexwork con una piattaforma SaaS integrata per la gestione della forza lavoro, pianificazione automatica e gestione del personale conforme al GDPR. Per questo offriamo una piattaforma SaaS completamente integrata, che semplifica notevolmente la gestione, a costi assolutamente contenuti per i datori di lavoro e intuitiva per i dipendenti.<\/h3>\n<p><span><img decoding=\"async\" alt=\"\" width=\"339\" data-init-width=\"358\" height=\"584\" data-init-height=\"617\" src=\"https:\/\/job.rocks\/wp-content\/uploads\/2024\/03\/home-presetation-slider-img5.svg\" data-width=\"339\" data-height=\"584\" style=\"aspect-ratio: auto 358 \/ 617\" data-id=\"661\" loading=\"lazy\"><\/span><\/p>\n<h3 style=\"text-align: center\">Le buste paga vengono inviate correttamente alla contabilit\u00e0<\/h3>\n<p><span><img decoding=\"async\" alt=\"\" width=\"339\" data-init-width=\"358\" height=\"584\" data-init-height=\"617\" src=\"https:\/\/job.rocks\/wp-content\/uploads\/2024\/03\/screen7.svg\" data-width=\"339\" data-height=\"584\" style=\"aspect-ratio: auto 358 \/ 617\" data-id=\"589\" loading=\"lazy\"><\/span><\/p>\n<p style=\"color: var(--tcb-color-1) !important\">\n<p style=\"color: var(--tcb-color-1) !important\">Siamo convinti che il mercato del lavoro stia diventando sempre pi\u00f9 flessibile. Datori di lavoro e organizzazioni devono adattare le loro risorse alla domanda e all&#8217;andamento degli affari, alla stagionalit\u00e0 e talvolta persino al meteo, mentre i lavoratori apprezzano incarichi che corrispondono alle loro esigenze e che possono svolgere in modo flessibile in base alla loro agenda.<\/p>\n<p style=\"color: var(--tcb-color-1) !important\">\n<p style=\"color: var(--tcb-color-1) !important\">Qualit\u00e0 del supporto svizzero<\/p>\n<p><span><img decoding=\"async\" data-id=\"1986\" width=\"284\" data-init-width=\"400\" height=\"210\" data-init-height=\"296\" src=\"https:\/\/job.rocks\/wp-content\/uploads\/2024\/12\/Photo-Fabio.png\" data-width=\"284\" data-height=\"210\" style=\"aspect-ratio: auto 400 \/ 296\" loading=\"lazy\"><\/span><\/p>\n<h2 style=\"text-align: center\"><strong>Fabio Donnaloia<\/strong><\/h2>\n<p style=\"text-align: center\">CEO, Fondatore<\/p>\n<h2 style=\"text-align: center\"><strong>Fabio porta avanti con passione unica la soluzione su misura per le sfide del lavoro on-demand e connette le tue esigenze con il suo pensiero visionario.<img decoding=\"async\" role=\"img\" src=\"https:\/\/s.w.org\/images\/core\/emoji\/17.0.2\/svg\/1f1e8-1f1ed.svg\" loading=\"lazy\"><\/strong><\/h2>\n<p><span><img decoding=\"async\" data-id=\"3263\" width=\"176\" height=\"176\" src=\"https:\/\/job.rocks\/wp-content\/uploads\/2025\/09\/fabio-donnaloia.jpg\" style=\"aspect-ratio: auto 377 \/ 377\" data-width=\"176\" data-height=\"176\" data-init-width=\"377\" data-init-height=\"377\" loading=\"lazy\"><\/span><\/p>\n<p style=\"text-align: center\">ceo<\/p>\n<p style=\"text-align: center\">Fabio Donnaloia<\/p>\n<p style=\"text-align: center\">Con la conclusione di un Service Level Agreement (SLA) ottieni un referente esclusivo per la tua azienda come Andrea con possibilit\u00e0 di check-in settimanali.<\/p>\n<p><span><img decoding=\"async\" data-id=\"3262\" width=\"176\" height=\"176\" src=\"https:\/\/job.rocks\/wp-content\/uploads\/2025\/09\/andrea-hegenbarth.256x256.jpg\" style=\"aspect-ratio: auto 256 \/ 256\" data-width=\"176\" data-height=\"176\" data-init-width=\"256\" data-init-height=\"256\" loading=\"lazy\"><\/span><\/p>\n<p style=\"text-align: center\">Andrea Hegenbarth<\/p>\n<p style=\"text-align: center\">Key account manager<\/p>\n<p style=\"text-align: center\">Gerrit aumenta la visibilit\u00e0 di job.rocks con strategie creative, rafforza la tua fiducia e rende la piattaforma la scelta migliore per la gestione flessibile del personale.<\/p>\n<p><span><img decoding=\"async\" data-id=\"3260\" width=\"176\" height=\"176\" src=\"https:\/\/job.rocks\/wp-content\/uploads\/2025\/09\/gerrit-kesten-edler-in.jpg\" style=\"aspect-ratio: auto 1080 \/ 1080\" data-width=\"176\" data-height=\"176\" data-init-width=\"1080\" data-init-height=\"1080\" loading=\"lazy\"><\/span><\/p>\n<p dir=\"auto\" style=\"text-align: center\">Gerrit Kesten<\/p>\n<p dir=\"auto\" style=\"text-align: center\">\n<p style=\"text-align: center\">Marketing<\/p>\n<p style=\"text-align: center\">Lara ti supporta con l&#8217;app per la pianificazione dei turni e la registrazione del tempo per un avvio senza intoppi.<\/p>\n<p><span><img decoding=\"async\" data-id=\"3259\" width=\"176\" height=\"176\" src=\"https:\/\/job.rocks\/wp-content\/uploads\/2025\/09\/lara-moser-linkedin.png\" style=\"aspect-ratio: auto 1024 \/ 1024\" data-width=\"176\" data-height=\"176\" data-init-width=\"1024\" data-init-height=\"1024\" loading=\"lazy\"><\/span><\/p>\n<p dir=\"auto\" style=\"text-align: center\">\u00a0Rende la tua gestione del personale mobile ed efficiente.<\/p>\n<p dir=\"auto\" style=\"text-align: center\">Lara Moser<\/p>\n<p style=\"text-align: center\">Customer success<\/p>\n<p style=\"text-align: center\">pianificazione lavoro temporaneo turni<\/p>\n<\/p>\n<h2 style=\"text-align: left;color: var(--tcb-color-1) !important\"><strong>Curioso di sapere come<span style=\"text-decoration: underline\">job.rocks<\/span>pu\u00f2 trasformare il tuo<\/strong><\/h2>\n<h2 style=\"text-align: left;color: var(--tcb-color-1) !important\"><strong>gestione del personale?<\/strong><\/h2>\n<p>Registrati ora per una demo gratuita e scopri il futuro della pianificazione del personale flessibile<\/p>\n<p><span><img decoding=\"async\" data-id=\"2296\" width=\"284\" data-init-width=\"224\" height=\"582\" data-init-height=\"459\" src=\"https:\/\/job.rocks\/wp-content\/uploads\/2025\/01\/iPhone-15-Pro-1.png\" data-width=\"284\" data-height=\"582\" style=\"aspect-ratio: auto 224 \/ 459\" loading=\"lazy\"><\/span><\/p>\n","protected":false},"excerpt":{"rendered":"<p>La pianificazione all-in-oneper il tuo team flessibile. Addio al caos di Excel. Ciao chiarezza. Risparmia innumerevoli ore su: Gestione delle disponibilit\u00e0 e pianificazione dei turni Notifiche per i dipendenti Registrazione del tempo Preparazione delle buste paga I nostri clienti hanno eventi conjob.rocksper: Tutto ci\u00f2 di cui hai bisogno, in un&#8217;app. Dalla richiesta di disponibilit\u00e0 alla [&hellip;]<\/p>\n","protected":false},"author":5,"featured_media":3227,"parent":0,"menu_order":0,"comment_status":"closed","ping_status":"closed","template":"","meta":{"footnotes":""},"class_list":["post-4372","page","type-page","status-publish","has-post-thumbnail","hentry","post-wrapper","thrv_wrapper"],"_links":{"self":[{"href":"https:\/\/job.rocks\/wp-json\/wp\/v2\/pages\/4372","targetHints":{"allow":["GET"]}}],"collection":[{"href":"https:\/\/job.rocks\/wp-json\/wp\/v2\/pages"}],"about":[{"href":"https:\/\/job.rocks\/wp-json\/wp\/v2\/types\/page"}],"author":[{"embeddable":true,"href":"https:\/\/job.rocks\/wp-json\/wp\/v2\/users\/5"}],"replies":[{"embeddable":true,"href":"https:\/\/job.rocks\/wp-json\/wp\/v2\/comments?post=4372"}],"version-history":[{"count":1,"href":"https:\/\/job.rocks\/wp-json\/wp\/v2\/pages\/4372\/revisions"}],"predecessor-version":[{"id":4373,"href":"https:\/\/job.rocks\/wp-json\/wp\/v2\/pages\/4372\/revisions\/4373"}],"wp:featuredmedia":[{"embeddable":true,"href":"https:\/\/job.rocks\/wp-json\/wp\/v2\/media\/3227"}],"wp:attachment":[{"href":"https:\/\/job.rocks\/wp-json\/wp\/v2\/media?parent=4372"}],"curies":[{"name":"wp","href":"https:\/\/api.w.org\/{rel}","templated":true}]}}