{"id":4381,"date":"2026-02-12T13:44:46","date_gmt":"2026-02-12T13:44:46","guid":{"rendered":"https:\/\/job.rocks\/marque-blanche\/"},"modified":"2026-02-12T13:44:46","modified_gmt":"2026-02-12T13:44:46","slug":"marque-blanche","status":"publish","type":"page","link":"https:\/\/job.rocks\/marque-blanche\/","title":{"rendered":"Marque blanche"},"content":{"rendered":"<h1 style=\"text-align: center\">Whitelabel: Votre propre<span style=\"color: var(--tcb-skin-color-0)\">Logiciel de planification des interventions.<\/span><\/h1>\n<p style=\"text-align: center\">Offrez \u00e0 vos clients une solution de planification sur mesure sous votre marque &#8211; sans effort de d\u00e9veloppement pour vous !<\/p>\n<p><span><img decoding=\"async\" alt=\"\" data-id=\"1018\" src=\"https:\/\/job.rocks\/wp-content\/uploads\/2024\/06\/Frame-374.png\" style=\"aspect-ratio: auto 525 \/ 581\" data-width=\"411\" data-height=\"455\" data-init-width=\"525\" data-init-height=\"581\" width=\"411\" height=\"455\" loading=\"lazy\"><\/span><\/p>\n<h2 style=\"text-align: center\">Fonctionnalit\u00e9s Whitelabel puissantes<\/h2>\n<p style=\"text-align: center\">Id\u00e9al pour les recruteurs, les agences et les grandes entreprises.<\/p>\n<h3>Branding personnalis\u00e9<\/h3>\n<p>Personnalisez compl\u00e8tement le logiciel \u00e0 votre marque : votre logo, vos couleurs, votre domaine. Vos clients ne voient que votre marque, pas job.rocks. Sans \u00e9crire de code.<\/p>\n<p><!--! Font Awesome Free 6.7.1 by @fontawesome - https:\/\/fontawesome.com License - https:\/\/fontawesome.com\/license\/free (Icons: CC BY 4.0, Fonts: SIL OFL 1.1, Code: MIT License) Copyright 2024 Fonticons, Inc. --><\/p>\n<h3>Applications autonomes<\/h3>\n<p>Recevez des applications iOS et Android brand\u00e9es que nous publions directement dans les App Stores. Incl. pleine compatibilit\u00e9 et certification de s\u00e9curit\u00e9.<\/p>\n<p><!--! Font Awesome Free 6.7.1 by @fontawesome - https:\/\/fontawesome.com License - https:\/\/fontawesome.com\/license\/free (Icons: CC BY 4.0, Fonts: SIL OFL 1.1, Code: MIT License) Copyright 2024 Fonticons, Inc. --><\/p>\n<h3>Int\u00e9grations<\/h3>\n<p>Connectez la solution Whitelabel avec des syst\u00e8mes CRM, des logiciels de paie ou d&#8217;autres outils pour garantir un flux de travail fluide.<\/p>\n<h3>Planification intuitive<\/h3>\n<p>Vos clients b\u00e9n\u00e9ficient d&#8217;une planification des shifts par glisser-d\u00e9poser, d&#8217;un auto-matching bas\u00e9 sur les qualifications et d&#8217;un suivi du temps mobile &#8211; le tout sous votre marque.<\/p>\n<p><!--! Font Awesome Free 6.7.1 by @fontawesome - https:\/\/fontawesome.com License - https:\/\/fontawesome.com\/license\/free (Icons: CC BY 4.0, Fonts: SIL OFL 1.1, Code: MIT License) Copyright 2024 Fonticons, Inc. --><\/p>\n<h3>Analyses<\/h3>\n<p>Vous obtenez l&#8217;ensemble des fonctionnalit\u00e9s, y compris des rapports en temps r\u00e9el. Configur\u00e9 sans code, pour un flux de travail fluide.<\/p>\n<p><!--! Font Awesome Free 6.7.1 by @fontawesome - https:\/\/fontawesome.com License - https:\/\/fontawesome.com\/license\/free (Icons: CC BY 4.0, Fonts: SIL OFL 1.1, Code: MIT License) Copyright 2024 Fonticons, Inc. --><\/p>\n<h3>S\u00e9curit\u00e9 des donn\u00e9es<\/h3>\n<p>Vos donn\u00e9es et celles de vos clients sont prot\u00e9g\u00e9es par des centres de donn\u00e9es conformes au RGPD et un chiffrement de pointe &#8211; et h\u00e9berg\u00e9es en Suisse.<\/p>\n<h2 style=\"text-align: center\"><strong>Questions fr\u00e9quentes<\/strong><\/h2>\n<h3>Qu&#8217;est-ce qu&#8217;une solution Whitelabel ?<\/h3>\n<p>Une solution Whitelabel vous permet de proposer notre logiciel de planification des interventions sous votre propre marque, sans que vos clients voient job.rocks.<\/p>\n<h3>Puis-je adapter le logiciel \u00e0 mes besoins ?<\/h3>\n<p>Oui, vous pouvez personnaliser compl\u00e8tement le branding du logiciel autonome pour int\u00e9grer le logiciel de mani\u00e8re transparente dans votre portefeuille.<\/p>\n<h3>Puis-je publier des applications autonomes dans les App Stores ?<\/h3>\n<p>Oui, nous vous cr\u00e9ons des applications pour iOS et Android que nous pouvons t\u00e9l\u00e9charger sous votre marque sur Google Play et l&#8217;App Store d&#8217;Apple &#8211; y compris la certification de s\u00e9curit\u00e9.<\/p>\n<h3>Quelle est la rapidit\u00e9 de d\u00e9marrage ?<\/h3>\n<p>Avec notre White Label Academy et notre \u00e9quipe d&#8217;int\u00e9gration, vous pouvez \u00eatre op\u00e9rationnel en quelques semaines.<\/p>\n<p>\u201d<\/p>\n<h2>Ce que nos partenaires disent<\/h2>\n<p>T. K.<\/p>\n<p>Entrepreneur<\/p>\n<p><em>&#8220;J&#8217;utilise job.rocks pour notre logistique et je suis impressionn\u00e9. Les shifts dans l&#8217;entrep\u00f4t sont parfaitement planifi\u00e9s, et les notifications tiennent tout le monde \u00e0 jour. Super support aussi &#8211; 5\/5 !&#8221;<\/em><\/p>\n<p>A. C.<\/p>\n<p>Admin &amp; Formations<\/p>\n<p><em>&#8220;En tant que responsable d&#8217;\u00e9v\u00e9nements, je suis ravie de job.rocks ! L&#8217;outil m&#8217;a fait gagner la moiti\u00e9 du temps de planification lors de notre dernier festival. Avec l&#8217;application, mon \u00e9quipe peut planifier des shifts extr\u00eamement rapidement &#8211; tout simplement g\u00e9nial !&#8221;<\/em>\u2b50\u2b50\u2b50\u2b50\u2b50<\/p>\n<h2 style=\"text-align: center\">Pourquoi job.rocks Whitelabel ?<\/h2>\n<p style=\"text-align: center\">Avec la solution Whitelabel de Job.Rocks, votre entreprise peut proposer un logiciel de planification des interventions puissant sous sa propre marque. \u00c9conomisez du temps et des co\u00fbts de d\u00e9veloppement tout en offrant \u00e0 vos clients une solution intuitive pour la planification des shifts, le suivi du temps et la gestion des absences.<\/p>\n","protected":false},"excerpt":{"rendered":"<p>Whitelabel: Votre propreLogiciel de planification des interventions. Offrez \u00e0 vos clients une solution de planification sur mesure sous votre marque &#8211; sans effort de d\u00e9veloppement pour vous ! Fonctionnalit\u00e9s Whitelabel puissantes Id\u00e9al pour les recruteurs, les agences et les grandes entreprises. Branding personnalis\u00e9 Personnalisez compl\u00e8tement le logiciel \u00e0 votre marque : votre logo, vos couleurs, [&hellip;]<\/p>\n","protected":false},"author":5,"featured_media":0,"parent":0,"menu_order":0,"comment_status":"closed","ping_status":"closed","template":"","meta":{"footnotes":""},"class_list":["post-4381","page","type-page","status-publish","hentry","post-wrapper","thrv_wrapper"],"_links":{"self":[{"href":"https:\/\/job.rocks\/wp-json\/wp\/v2\/pages\/4381","targetHints":{"allow":["GET"]}}],"collection":[{"href":"https:\/\/job.rocks\/wp-json\/wp\/v2\/pages"}],"about":[{"href":"https:\/\/job.rocks\/wp-json\/wp\/v2\/types\/page"}],"author":[{"embeddable":true,"href":"https:\/\/job.rocks\/wp-json\/wp\/v2\/users\/5"}],"replies":[{"embeddable":true,"href":"https:\/\/job.rocks\/wp-json\/wp\/v2\/comments?post=4381"}],"version-history":[{"count":0,"href":"https:\/\/job.rocks\/wp-json\/wp\/v2\/pages\/4381\/revisions"}],"wp:attachment":[{"href":"https:\/\/job.rocks\/wp-json\/wp\/v2\/media?parent=4381"}],"curies":[{"name":"wp","href":"https:\/\/api.w.org\/{rel}","templated":true}]}}